{"id":4018,"date":"2023-12-30T14:29:27","date_gmt":"2023-12-30T14:29:27","guid":{"rendered":"https:\/\/sesco-ks.com\/?page_id=4018"},"modified":"2024-01-20T00:20:56","modified_gmt":"2024-01-20T00:20:56","slug":"rreth-nesh","status":"publish","type":"page","link":"https:\/\/sesco-ks.com\/en\/rreth-nesh\/","title":{"rendered":"About Us"},"content":{"rendered":"<div data-elementor-type=\"wp-page\" data-elementor-id=\"4018\" class=\"elementor elementor-4018\" data-elementor-post-type=\"page\">\n\t\t\t\t<div class=\"elementor-element elementor-element-149c7a5 e-con-full e-flex e-con e-parent\" data-id=\"149c7a5\" data-element_type=\"container\" data-settings=\"{&quot;background_background&quot;:&quot;classic&quot;}\">\n\t\t<div class=\"elementor-element elementor-element-ab8efc5 e-con-full e-flex e-con e-child\" data-id=\"ab8efc5\" data-element_type=\"container\">\n\t\t\t\t<div class=\"elementor-element elementor-element-5a992b8 elementor-widget elementor-widget-heading\" data-id=\"5a992b8\" data-element_type=\"widget\" data-widget_type=\"heading.default\">\n\t\t\t\t<div class=\"elementor-widget-container\">\n\t\t\t\t\t<h4 class=\"elementor-heading-title elementor-size-default\">About Us<\/h4>\t\t\t\t<\/div>\n\t\t\t\t<\/div>\n\t\t\t\t<\/div>\n\t\t\t\t<\/div>\n\t\t<div class=\"elementor-element elementor-element-381e32a elementor-hidden-tablet elementor-hidden-mobile e-flex e-con-boxed e-con e-parent\" data-id=\"381e32a\" data-element_type=\"container\" data-settings=\"{&quot;background_background&quot;:&quot;classic&quot;}\">\n\t\t\t\t\t<div class=\"e-con-inner\">\n\t\t<div class=\"elementor-element elementor-element-7674a21 e-con-full e-flex e-con e-child\" data-id=\"7674a21\" data-element_type=\"container\">\n\t\t\t\t<div class=\"elementor-element elementor-element-39511b3 elementor-widget elementor-widget-heading\" data-id=\"39511b3\" data-element_type=\"widget\" data-widget_type=\"heading.default\">\n\t\t\t\t<div class=\"elementor-widget-container\">\n\t\t\t\t\t<h2 class=\"elementor-heading-title elementor-size-default\">About Us<\/h2>\t\t\t\t<\/div>\n\t\t\t\t<\/div>\n\t\t\t\t<div class=\"elementor-element elementor-element-3a430d1 elementor-widget elementor-widget-text-editor\" data-id=\"3a430d1\" data-element_type=\"widget\" data-widget_type=\"text-editor.default\">\n\t\t\t\t<div class=\"elementor-widget-container\">\n\t\t\t\t\t\t\t\t\t<p>Sesco company, founded by Afit Birdaini, where he followed a successful journey since 1995. With a deep experience in projecting, construction and leadership, Birdaini led the company towards growth and recognition in the market.<\/p><p>In the beginning, Sesco was engaged in the import of various products, such as materials for sewage, pipes for deep wells, materials for water supply and heating. The company's efforts and successes were concretized with agreements with internatioal known brands, bringing high-quality products to the market.<\/p><p>The chronology of Sesco's activities shows a wide development of its fields of activity:<\/p><p>In 1995, Sesco started dealing with sewage and water supply products.<br \/>In 2012, the company expanded its activity in the field of heating system.<br \/>In 2022, Sesco started working with cooling systems.<br \/>And in 2023, the company opened a new chapter by starting to work with sanitary and ceramics.<br \/>These steps show a constant response to market demands and an effort to cover the different needs of our customers. It also shows an unwavering commitment to quality and innovation, making Sesco a market leader in Kosovo in the field of construction sales and services.<\/p>\t\t\t\t\t\t\t\t<\/div>\n\t\t\t\t<\/div>\n\t\t\t\t<\/div>\n\t\t<div class=\"elementor-element elementor-element-90cd85b e-con-full e-flex e-con e-child\" data-id=\"90cd85b\" data-element_type=\"container\">\n\t\t\t\t<div class=\"elementor-element elementor-element-066feae elementor-widget elementor-widget-image\" data-id=\"066feae\" data-element_type=\"widget\" data-widget_type=\"image.default\">\n\t\t\t\t<div class=\"elementor-widget-container\">\n\t\t\t\t\t\t\t\t\t\t\t\t\t\t\t<img fetchpriority=\"high\" decoding=\"async\" width=\"1024\" height=\"932\" src=\"https:\/\/sesco-ks.com\/wp-content\/uploads\/2024\/01\/02_-1024x932.png\" class=\"attachment-large size-large wp-image-5492\" alt=\"\" srcset=\"https:\/\/sesco-ks.com\/wp-content\/uploads\/2024\/01\/02_-1024x932.png 1024w, https:\/\/sesco-ks.com\/wp-content\/uploads\/2024\/01\/02_-300x273.png 300w, https:\/\/sesco-ks.com\/wp-content\/uploads\/2024\/01\/02_-768x699.png 768w, https:\/\/sesco-ks.com\/wp-content\/uploads\/2024\/01\/02_-1536x1398.png 1536w, https:\/\/sesco-ks.com\/wp-content\/uploads\/2024\/01\/02_-2048x1863.png 2048w, https:\/\/sesco-ks.com\/wp-content\/uploads\/2024\/01\/02_-705x641.png 705w\" sizes=\"(max-width: 1024px) 100vw, 1024px\" \/>\t\t\t\t\t\t\t\t\t\t\t\t\t\t\t<\/div>\n\t\t\t\t<\/div>\n\t\t\t\t<\/div>\n\t\t\t\t\t<\/div>\n\t\t\t\t<\/div>\n\t\t<div class=\"elementor-element elementor-element-8c8a644 elementor-hidden-tablet elementor-hidden-mobile e-flex e-con-boxed e-con e-parent\" data-id=\"8c8a644\" data-element_type=\"container\">\n\t\t\t\t\t<div class=\"e-con-inner\">\n\t\t\t\t<div class=\"elementor-element elementor-element-018c67a elementor-widget elementor-widget-text-editor\" data-id=\"018c67a\" data-element_type=\"widget\" data-widget_type=\"text-editor.default\">\n\t\t\t\t<div class=\"elementor-widget-container\">\n\t\t\t\t\t\t\t\t\t<p>In 2023, the Sesco company expanded its activities in the field of sanitary ware and ceramics. This step shows a steady evolution of the company and an expansion of the range of products and services offered. The inclusion of sanitary ware and ceramics in our offer not only improves the diversity of Sesco's products, but can also offer more complete choices to its customers, especially in the construction and renovation sectors. This expansion of Sesco's activities in the field of sanitary and ceramics may be a response to market demands and an attempt to capture new opportunities in the market.<\/p>\t\t\t\t\t\t\t\t<\/div>\n\t\t\t\t<\/div>\n\t\t\t\t\t<\/div>\n\t\t\t\t<\/div>\n\t\t<div class=\"elementor-element elementor-element-85b99d7 e-con-full elementor-hidden-desktop e-flex e-con e-parent\" data-id=\"85b99d7\" data-element_type=\"container\" data-settings=\"{&quot;background_background&quot;:&quot;classic&quot;}\">\n\t\t<div class=\"elementor-element elementor-element-7cdac04 e-con-full e-flex e-con e-child\" data-id=\"7cdac04\" data-element_type=\"container\">\n\t\t\t\t<div class=\"elementor-element elementor-element-6ed1a52 elementor-widget elementor-widget-heading\" data-id=\"6ed1a52\" data-element_type=\"widget\" data-widget_type=\"heading.default\">\n\t\t\t\t<div class=\"elementor-widget-container\">\n\t\t\t\t\t<h2 class=\"elementor-heading-title elementor-size-default\">About Us<\/h2>\t\t\t\t<\/div>\n\t\t\t\t<\/div>\n\t\t\t\t<div class=\"elementor-element elementor-element-1a0c961 elementor-widget elementor-widget-text-editor\" data-id=\"1a0c961\" data-element_type=\"widget\" data-widget_type=\"text-editor.default\">\n\t\t\t\t<div class=\"elementor-widget-container\">\n\t\t\t\t\t\t\t\t\t<p>Sesco company, founded by Afit Birdaini, where he followed a successful journey since 1995. With a deep experience in projecting, construction and leadership, Birdaini led the company towards growth and recognition in the market.<\/p><p>In the beginning, Sesco was engaged in the import of various products, such as materials for sewage, pipes for deep wells, materials for water supply and heating. The company's efforts and successes were concretized with agreements with internatioal known brands, bringing high-quality products to the market.<\/p><p>The chronology of Sesco's activities shows a wide development of its fields of activity:<\/p><p>In 1995, Sesco started dealing with sewage and water supply products.<br \/>In 2012, the company expanded its activity in the field of heating system.<br \/>In 2022, Sesco started working with cooling systems.<br \/>And in 2023, the company opened a new chapter by starting to work with sanitary and ceramics.<br \/>These steps show a constant response to market demands and an effort to cover the different needs of our customers. It also shows an unwavering commitment to quality and innovation, making Sesco a market leader in Kosovo in the field of construction sales and services.<\/p><p>In 2023, the Sesco company expanded its activities in the field of sanitary ware and ceramics. This step shows a steady evolution of the company and an expansion of the range of products and services offered. The inclusion of sanitary ware and ceramics in our offer not only improves the diversity of Sesco's products, but can also offer more complete choices to its customers, especially in the construction and renovation sectors. This expansion of Sesco's activities in the field of sanitary and ceramics may be a response to market demands and an attempt to capture new opportunities in the market.<\/p>\t\t\t\t\t\t\t\t<\/div>\n\t\t\t\t<\/div>\n\t\t\t\t<\/div>\n\t\t<div class=\"elementor-element elementor-element-3bf4f09 e-con-full e-flex e-con e-child\" data-id=\"3bf4f09\" data-element_type=\"container\">\n\t\t\t\t<div class=\"elementor-element elementor-element-528234e elementor-widget elementor-widget-image\" data-id=\"528234e\" data-element_type=\"widget\" data-widget_type=\"image.default\">\n\t\t\t\t<div class=\"elementor-widget-container\">\n\t\t\t\t\t\t\t\t\t\t\t\t\t\t\t<img fetchpriority=\"high\" decoding=\"async\" width=\"1024\" height=\"932\" src=\"https:\/\/sesco-ks.com\/wp-content\/uploads\/2024\/01\/02_-1024x932.png\" class=\"attachment-large size-large wp-image-5492\" alt=\"\" srcset=\"https:\/\/sesco-ks.com\/wp-content\/uploads\/2024\/01\/02_-1024x932.png 1024w, https:\/\/sesco-ks.com\/wp-content\/uploads\/2024\/01\/02_-300x273.png 300w, https:\/\/sesco-ks.com\/wp-content\/uploads\/2024\/01\/02_-768x699.png 768w, https:\/\/sesco-ks.com\/wp-content\/uploads\/2024\/01\/02_-1536x1398.png 1536w, https:\/\/sesco-ks.com\/wp-content\/uploads\/2024\/01\/02_-2048x1863.png 2048w, https:\/\/sesco-ks.com\/wp-content\/uploads\/2024\/01\/02_-705x641.png 705w\" sizes=\"(max-width: 1024px) 100vw, 1024px\" \/>\t\t\t\t\t\t\t\t\t\t\t\t\t\t\t<\/div>\n\t\t\t\t<\/div>\n\t\t\t\t<\/div>\n\t\t\t\t<\/div>\n\t\t<div class=\"elementor-element elementor-element-eb3c2f9 e-flex e-con-boxed e-con e-parent\" data-id=\"eb3c2f9\" data-element_type=\"container\">\n\t\t\t\t\t<div class=\"e-con-inner\">\n\t\t\t\t<div class=\"elementor-element elementor-element-f28b346 elementor-widget-divider--view-line elementor-widget elementor-widget-divider\" data-id=\"f28b346\" data-element_type=\"widget\" data-widget_type=\"divider.default\">\n\t\t\t\t<div class=\"elementor-widget-container\">\n\t\t\t\t\t\t\t<div class=\"elementor-divider\">\n\t\t\t<span class=\"elementor-divider-separator\">\n\t\t\t\t\t\t<\/span>\n\t\t<\/div>\n\t\t\t\t\t\t<\/div>\n\t\t\t\t<\/div>\n\t\t<div class=\"elementor-element elementor-element-f098cac e-con-full e-flex e-con e-child\" data-id=\"f098cac\" data-element_type=\"container\">\n\t\t\t\t<div class=\"elementor-element elementor-element-f61264f elementor-widget elementor-widget-heading\" data-id=\"f61264f\" data-element_type=\"widget\" data-widget_type=\"heading.default\">\n\t\t\t\t<div class=\"elementor-widget-container\">\n\t\t\t\t\t<h1 class=\"elementor-heading-title elementor-size-default\">Our goal, A better quality<\/h1>\t\t\t\t<\/div>\n\t\t\t\t<\/div>\n\t\t\t\t<\/div>\n\t\t\t\t\t<\/div>\n\t\t\t\t<\/div>\n\t\t<div class=\"elementor-element elementor-element-6ba7673 e-flex e-con-boxed e-con e-parent\" data-id=\"6ba7673\" data-element_type=\"container\">\n\t\t\t\t\t<div class=\"e-con-inner\">\n\t\t<div class=\"elementor-element elementor-element-041125c e-con-full e-flex e-con e-child\" data-id=\"041125c\" data-element_type=\"container\">\n\t\t\t\t<div class=\"elementor-element elementor-element-95c10b2 elementor-widget elementor-widget-heading\" data-id=\"95c10b2\" data-element_type=\"widget\" data-widget_type=\"heading.default\">\n\t\t\t\t<div class=\"elementor-widget-container\">\n\t\t\t\t\t<h2 class=\"elementor-heading-title elementor-size-default\">Mission<\/h2>\t\t\t\t<\/div>\n\t\t\t\t<\/div>\n\t\t\t\t<div class=\"elementor-element elementor-element-27c7276 elementor-widget elementor-widget-text-editor\" data-id=\"27c7276\" data-element_type=\"widget\" data-widget_type=\"text-editor.default\">\n\t\t\t\t<div class=\"elementor-widget-container\">\n\t\t\t\t\t\t\t\t\t<p class=\"font_8 wixui-rich-text__text\">SESCO, our mission is to inspire and implement the demands of our customers using our business. We provide exemplary services and experiences so that our customers can be as productive and successful as possible.<br \/>We care about our customers, bringing them innovations and the newest world trends with quality and qualitative products.<br \/>Sesco strongly believes in long-term relationship and cooperation with customers.<\/p>\t\t\t\t\t\t\t\t<\/div>\n\t\t\t\t<\/div>\n\t\t\t\t<\/div>\n\t\t<div class=\"elementor-element elementor-element-0b9632c e-con-full e-flex e-con e-child\" data-id=\"0b9632c\" data-element_type=\"container\">\n\t\t\t\t<div class=\"elementor-element elementor-element-8b9aa02 elementor-widget elementor-widget-image\" data-id=\"8b9aa02\" data-element_type=\"widget\" data-widget_type=\"image.default\">\n\t\t\t\t<div class=\"elementor-widget-container\">\n\t\t\t\t\t\t\t\t\t\t\t\t\t\t\t<img decoding=\"async\" width=\"640\" height=\"360\" src=\"https:\/\/sesco-ks.com\/wp-content\/uploads\/2024\/01\/360_F_65819282_zW41Dh7AdbCV7BtoYiM6PpjDzF6d6Mbv.jpg\" class=\"attachment-large size-large wp-image-5691\" alt=\"\" srcset=\"https:\/\/sesco-ks.com\/wp-content\/uploads\/2024\/01\/360_F_65819282_zW41Dh7AdbCV7BtoYiM6PpjDzF6d6Mbv.jpg 640w, https:\/\/sesco-ks.com\/wp-content\/uploads\/2024\/01\/360_F_65819282_zW41Dh7AdbCV7BtoYiM6PpjDzF6d6Mbv-300x169.jpg 300w\" sizes=\"(max-width: 640px) 100vw, 640px\" \/>\t\t\t\t\t\t\t\t\t\t\t\t\t\t\t<\/div>\n\t\t\t\t<\/div>\n\t\t\t\t<\/div>\n\t\t\t\t\t<\/div>\n\t\t\t\t<\/div>\n\t\t<div class=\"elementor-element elementor-element-18b267a e-flex e-con-boxed e-con e-parent\" data-id=\"18b267a\" data-element_type=\"container\">\n\t\t\t\t\t<div class=\"e-con-inner\">\n\t\t<div class=\"elementor-element elementor-element-3f53d2f e-con-full elementor-hidden-mobile e-flex e-con e-child\" data-id=\"3f53d2f\" data-element_type=\"container\">\n\t\t\t\t<div class=\"elementor-element elementor-element-587b582 elementor-widget elementor-widget-image\" data-id=\"587b582\" data-element_type=\"widget\" data-widget_type=\"image.default\">\n\t\t\t\t<div class=\"elementor-widget-container\">\n\t\t\t\t\t\t\t\t\t\t\t\t\t\t\t<img decoding=\"async\" width=\"900\" height=\"500\" src=\"https:\/\/sesco-ks.com\/wp-content\/uploads\/2024\/01\/3699as-900x500-1.jpg\" class=\"attachment-large size-large wp-image-5692\" alt=\"\" srcset=\"https:\/\/sesco-ks.com\/wp-content\/uploads\/2024\/01\/3699as-900x500-1.jpg 900w, https:\/\/sesco-ks.com\/wp-content\/uploads\/2024\/01\/3699as-900x500-1-300x167.jpg 300w, https:\/\/sesco-ks.com\/wp-content\/uploads\/2024\/01\/3699as-900x500-1-768x427.jpg 768w\" sizes=\"(max-width: 900px) 100vw, 900px\" \/>\t\t\t\t\t\t\t\t\t\t\t\t\t\t\t<\/div>\n\t\t\t\t<\/div>\n\t\t\t\t<\/div>\n\t\t<div class=\"elementor-element elementor-element-06e133a e-con-full e-flex e-con e-child\" data-id=\"06e133a\" data-element_type=\"container\">\n\t\t\t\t<div class=\"elementor-element elementor-element-6aabefc elementor-widget elementor-widget-heading\" data-id=\"6aabefc\" data-element_type=\"widget\" data-widget_type=\"heading.default\">\n\t\t\t\t<div class=\"elementor-widget-container\">\n\t\t\t\t\t<h2 class=\"elementor-heading-title elementor-size-default\">Vision\n<\/h2>\t\t\t\t<\/div>\n\t\t\t\t<\/div>\n\t\t\t\t<div class=\"elementor-element elementor-element-b44699b elementor-widget elementor-widget-text-editor\" data-id=\"b44699b\" data-element_type=\"widget\" data-widget_type=\"text-editor.default\">\n\t\t\t\t<div class=\"elementor-widget-container\">\n\t\t\t\t\t\t\t\t\t<p class=\"font_8 wixui-rich-text__text\">The vision of our company is to build a strong foundation based on quality, quality products. For a safe life of customers we will offer international known brands, We will offer creative work at all times and a welcoming environment. We will continue far and high.<\/p>\t\t\t\t\t\t\t\t<\/div>\n\t\t\t\t<\/div>\n\t\t\t\t<\/div>\n\t\t<div class=\"elementor-element elementor-element-ab8ade1 e-con-full elementor-hidden-desktop elementor-hidden-tablet e-flex e-con e-child\" data-id=\"ab8ade1\" data-element_type=\"container\">\n\t\t\t\t<div class=\"elementor-element elementor-element-c98754f elementor-widget elementor-widget-image\" data-id=\"c98754f\" data-element_type=\"widget\" data-widget_type=\"image.default\">\n\t\t\t\t<div class=\"elementor-widget-container\">\n\t\t\t\t\t\t\t\t\t\t\t\t\t\t\t<img decoding=\"async\" src=\"https:\/\/sesco-ks.com\/wp-content\/uploads\/2023\/12\/3699as-900x500-1.jpg\" title=\"\" alt=\"\" loading=\"lazy\" \/>\t\t\t\t\t\t\t\t\t\t\t\t\t\t\t<\/div>\n\t\t\t\t<\/div>\n\t\t\t\t<\/div>\n\t\t\t\t\t<\/div>\n\t\t\t\t<\/div>\n\t\t\t\t<\/div>","protected":false},"excerpt":{"rendered":"<p>Rreth Nesh Rreth Nesh Kompania Sesco, themeluar nga Afit Birdaini, ku ka ndjekur nj\u00eb rrug\u00ebtim t\u00eb suksessh\u00ebm q\u00eb nga viti [&hellip;]<\/p>","protected":false},"author":1,"featured_media":0,"parent":0,"menu_order":0,"comment_status":"closed","ping_status":"closed","template":"elementor_header_footer","meta":{"site-sidebar-layout":"default","site-content-layout":"","ast-site-content-layout":"default","site-content-style":"default","site-sidebar-style":"default","ast-global-header-display":"","ast-banner-title-visibility":"","ast-main-header-display":"","ast-hfb-above-header-display":"","ast-hfb-below-header-display":"","ast-hfb-mobile-header-display":"","site-post-title":"","ast-breadcrumbs-content":"","ast-featured-img":"","footer-sml-layout":"","theme-transparent-header-meta":"","adv-header-id-meta":"","stick-header-meta":"","header-above-stick-meta":"","header-main-stick-meta":"","header-below-stick-meta":"","astra-migrate-meta-layouts":"default","ast-page-background-enabled":"default","ast-page-background-meta":{"desktop":{"background-color":"var(--ast-global-color-4)","background-image":"","background-repeat":"repeat","background-position":"center center","background-size":"auto","background-attachment":"scroll","background-type":"","background-media":"","overlay-type":"","overlay-color":"","overlay-opacity":"","overlay-gradient":""},"tablet":{"background-color":"","background-image":"","background-repeat":"repeat","background-position":"center center","background-size":"auto","background-attachment":"scroll","background-type":"","background-media":"","overlay-type":"","overlay-color":"","overlay-opacity":"","overlay-gradient":""},"mobile":{"background-color":"","background-image":"","background-repeat":"repeat","background-position":"center center","background-size":"auto","background-attachment":"scroll","background-type":"","background-media":"","overlay-type":"","overlay-color":"","overlay-opacity":"","overlay-gradient":""}},"ast-content-background-meta":{"desktop":{"background-color":"var(--ast-global-color-5)","background-image":"","background-repeat":"repeat","background-position":"center center","background-size":"auto","background-attachment":"scroll","background-type":"","background-media":"","overlay-type":"","overlay-color":"","overlay-opacity":"","overlay-gradient":""},"tablet":{"background-color":"var(--ast-global-color-5)","background-image":"","background-repeat":"repeat","background-position":"center center","background-size":"auto","background-attachment":"scroll","background-type":"","background-media":"","overlay-type":"","overlay-color":"","overlay-opacity":"","overlay-gradient":""},"mobile":{"background-color":"var(--ast-global-color-5)","background-image":"","background-repeat":"repeat","background-position":"center center","background-size":"auto","background-attachment":"scroll","background-type":"","background-media":"","overlay-type":"","overlay-color":"","overlay-opacity":"","overlay-gradient":""}},"footnotes":""},"class_list":["post-4018","page","type-page","status-publish","hentry"],"_links":{"self":[{"href":"https:\/\/sesco-ks.com\/en\/wp-json\/wp\/v2\/pages\/4018","targetHints":{"allow":["GET"]}}],"collection":[{"href":"https:\/\/sesco-ks.com\/en\/wp-json\/wp\/v2\/pages"}],"about":[{"href":"https:\/\/sesco-ks.com\/en\/wp-json\/wp\/v2\/types\/page"}],"author":[{"embeddable":true,"href":"https:\/\/sesco-ks.com\/en\/wp-json\/wp\/v2\/users\/1"}],"replies":[{"embeddable":true,"href":"https:\/\/sesco-ks.com\/en\/wp-json\/wp\/v2\/comments?post=4018"}],"version-history":[{"count":0,"href":"https:\/\/sesco-ks.com\/en\/wp-json\/wp\/v2\/pages\/4018\/revisions"}],"wp:attachment":[{"href":"https:\/\/sesco-ks.com\/en\/wp-json\/wp\/v2\/media?parent=4018"}],"curies":[{"name":"wp","href":"https:\/\/api.w.org\/{rel}","templated":true}]}}